{"id":90,"date":"2020-07-20T17:39:56","date_gmt":"2020-07-20T15:39:56","guid":{"rendered":"http:\/\/mways-germany.de\/?page_id=90"},"modified":"2021-03-13T20:14:55","modified_gmt":"2021-03-13T19:14:55","slug":"partner-und-sponsoren","status":"publish","type":"page","link":"https:\/\/musicways-germany.de\/en\/partner-und-sponsoren\/","title":{"rendered":"Partners and Sponsors"},"content":{"rendered":"\t\t<div data-elementor-type=\"wp-page\" data-elementor-id=\"90\" class=\"elementor elementor-90\">\n\t\t\t\t\t\t<section class=\"elementor-section elementor-top-section elementor-element elementor-element-15a370a animated-slow elementor-section-boxed elementor-section-height-default elementor-section-height-default elementor-invisible\" data-id=\"15a370a\" data-element_type=\"section\" data-e-type=\"section\" data-settings=\"{&quot;background_background&quot;:&quot;classic&quot;,&quot;animation&quot;:&quot;fadeIn&quot;}\">\n\t\t\t\t\t\t\t<div class=\"elementor-background-overlay\"><\/div>\n\t\t\t\t\t\t\t<div class=\"elementor-container elementor-column-gap-default\">\n\t\t\t\t\t<div class=\"elementor-column elementor-col-100 elementor-top-column elementor-element elementor-element-667b955\" data-id=\"667b955\" data-element_type=\"column\" data-e-type=\"column\">\n\t\t\t<div class=\"elementor-widget-wrap elementor-element-populated\">\n\t\t\t\t\t\t<div class=\"elementor-element elementor-element-3de6b29 elementor-widget elementor-widget-image\" data-id=\"3de6b29\" data-element_type=\"widget\" data-e-type=\"widget\" data-widget_type=\"image.default\">\n\t\t\t\t<div class=\"elementor-widget-container\">\n\t\t\t\t\t\t\t\t\t\t\t\t\t\t\t<img decoding=\"async\" width=\"144\" height=\"144\" src=\"https:\/\/musicways-germany.de\/wp-content\/uploads\/2020\/07\/mw-icon.png\" class=\"attachment-large size-large wp-image-66\" alt=\"aktuelles Projekt\" \/>\t\t\t\t\t\t\t\t\t\t\t\t\t\t\t<\/div>\n\t\t\t\t<\/div>\n\t\t\t\t<div class=\"elementor-element elementor-element-3e1e28c elementor-widget elementor-widget-heading\" data-id=\"3e1e28c\" data-element_type=\"widget\" data-e-type=\"widget\" data-widget_type=\"heading.default\">\n\t\t\t\t<div class=\"elementor-widget-container\">\n\t\t\t\t\t<h2 class=\"elementor-heading-title elementor-size-default\">Partner und Sponsoren<\/h2>\t\t\t\t<\/div>\n\t\t\t\t<\/div>\n\t\t\t\t\t<\/div>\n\t\t<\/div>\n\t\t\t\t\t<\/div>\n\t\t<\/section>\n\t\t\t\t<section class=\"elementor-section elementor-top-section elementor-element elementor-element-3af367d elementor-section-boxed elementor-section-height-default elementor-section-height-default\" data-id=\"3af367d\" data-element_type=\"section\" data-e-type=\"section\">\n\t\t\t\t\t\t<div class=\"elementor-container elementor-column-gap-default\">\n\t\t\t\t\t<div class=\"elementor-column elementor-col-100 elementor-top-column elementor-element elementor-element-6f2377b\" data-id=\"6f2377b\" data-element_type=\"column\" data-e-type=\"column\">\n\t\t\t<div class=\"elementor-widget-wrap elementor-element-populated\">\n\t\t\t\t\t\t<div class=\"elementor-element elementor-element-c44c72c elementor-widget elementor-widget-heading\" data-id=\"c44c72c\" data-element_type=\"widget\" data-e-type=\"widget\" data-widget_type=\"heading.default\">\n\t\t\t\t<div class=\"elementor-widget-container\">\n\t\t\t\t\t<h2 class=\"elementor-heading-title elementor-size-default\">HERZLICHER DANK<\/h2>\t\t\t\t<\/div>\n\t\t\t\t<\/div>\n\t\t\t\t<div class=\"elementor-element elementor-element-b4d2217 elementor-widget elementor-widget-text-editor\" data-id=\"b4d2217\" data-element_type=\"widget\" data-e-type=\"widget\" data-widget_type=\"text-editor.default\">\n\t\t\t\t<div class=\"elementor-widget-container\">\n\t\t\t\t\t\t\t\t\t<p style=\"text-align: center;\">Unser herzlicher Dank gilt allen Partnern und F\u00f6rderern, den gro\u00dfen wie den kleinen Sponsoren, allen Anzeigenkunden in unseren Publikationen<br>und nicht zuletzt all denen, die durch pers\u00f6nliches und ehrenamtliches Engagement dazu beigetragen haben, unsere Projekte zu verwirklichen.<\/p>\t\t\t\t\t\t\t\t<\/div>\n\t\t\t\t<\/div>\n\t\t\t\t<div class=\"elementor-element elementor-element-49d200e elementor-widget elementor-widget-heading\" data-id=\"49d200e\" data-element_type=\"widget\" data-e-type=\"widget\" data-widget_type=\"heading.default\">\n\t\t\t\t<div class=\"elementor-widget-container\">\n\t\t\t\t\t<h2 class=\"elementor-heading-title elementor-size-default\">Hauptsponsoren und \u00f6ffentliche F\u00f6rderer<\/h2>\t\t\t\t<\/div>\n\t\t\t\t<\/div>\n\t\t\t\t<div class=\"elementor-element elementor-element-3845753 elementor-widget elementor-widget-text-editor\" data-id=\"3845753\" data-element_type=\"widget\" data-e-type=\"widget\" data-widget_type=\"text-editor.default\">\n\t\t\t\t<div class=\"elementor-widget-container\">\n\t\t\t\t\t\t\t\t\t<p style=\"text-align: center;\"><a href=\"http:\/\/www.bmz.de\/\" target=\"_blank\" rel=\"noopener\">Bundesministerium f\u00fcr wirtschaftliche Zusammenarbeit und Entwicklung<\/a><br \/><a href=\"https:\/\/www.weltwaerts.de\/\" target=\"_blank\" rel=\"noopener\">Weltw\u00e4rts<\/a> \u00b7 <a href=\"https:\/\/www.aulnrw.de\/home\/\" target=\"_blank\" rel=\"noopener\">Arbeit und Leben NRW e.V.<\/a> \u00b7 <a href=\"https:\/\/www.auswaertiges-amt.de\/de\/\" target=\"_blank\" rel=\"noopener\">Ausw\u00e4rtiges Amt der Bundesrepublik Deutschland<\/a><br \/><a href=\"https:\/\/www.mbei.nrw\/\" target=\"_blank\" rel=\"noopener\">Ministerium f\u00fcr Bundes- und Europaangelegenheiten des Landes NRW<\/a><br \/><a href=\"https:\/\/www.mkw.nrw\/\" target=\"_blank\" rel=\"noopener\">Ministerium f\u00fcr Kultur und Wissenschaft des Landes NRW<\/a><br \/><a href=\"https:\/\/www.engagement-global.de\/\" target=\"_blank\" rel=\"noopener\">Engagement Global<\/a> \u00b7 <a href=\"https:\/\/www.goethe.de\/de\/\" target=\"_blank\" rel=\"noopener\">Goethe Institut<\/a> \u00b7 <a href=\"https:\/\/www.kas.de\/de\/home\" target=\"_blank\" rel=\"noopener\">Konrad Adenauer Stiftung<\/a><br \/><a href=\"http:\/\/www.world-brass-association.com\/\" target=\"_blank\" rel=\"noopener\">World Brass Association<\/a> \u00b7 <a href=\"https:\/\/www.miagi.co.za\/\" target=\"_blank\" rel=\"noopener\">MIAGI S\u00fcdafrika<\/a> \u00b7 <a href=\"https:\/\/www.musikschulesoest.de\/\" target=\"_blank\" rel=\"noopener\">Musikschule Soest<\/a><br \/><a href=\"https:\/\/www.musikschulesoest.de\/foerderkreis\/\" target=\"_blank\" rel=\"noopener\">F\u00f6rderkreis Musikschule Soest<\/a> \u00b7 <a href=\"https:\/\/www.soest.de\/\" target=\"_blank\" rel=\"noopener\">Stadt Soest<\/a> \u00b7 <a href=\"https:\/\/www.sparkasse-soestwerl.de\/\" target=\"_blank\" rel=\"noopener\">Sparkasse SoestWerl<\/a> <br \/><a href=\"https:\/\/www.volksbank-hellweg.de\/\" target=\"_blank\" rel=\"noopener\">Volksbank Hellweg<\/a> \u00b7 <a href=\"https:\/\/www.stiftung-sparda-west.de\/\" target=\"_blank\" rel=\"noopener\">Stiftung der Sparda Bank West<\/a> \u00b7 <a href=\"https:\/\/www.deutsche-bank.de\/\" target=\"_blank\" rel=\"noopener\">Deutsche Bank<\/a><br \/><a href=\"https:\/\/www.lwl-kultur.de\/\" target=\"_blank\" rel=\"noopener\">LWL Landschaftsverband Westfalen-Lippe<\/a> \u00b7 <a href=\"https:\/\/www.soest.de\/03leben_wohnen\/kultur\/museen\/_PortalMuseumWilhelmMorgner.php\" target=\"_blank\" rel=\"noopener\">Museum Wilhelm Morgner Soest<\/a><br \/><span style=\"color: #999999;\">[alle aufgef\u00fchrten Institutionen sind verlinkt]<\/span><\/p>\t\t\t\t\t\t\t\t<\/div>\n\t\t\t\t<\/div>\n\t\t\t\t\t<\/div>\n\t\t<\/div>\n\t\t\t\t\t<\/div>\n\t\t<\/section>\n\t\t\t\t<section class=\"elementor-section elementor-top-section elementor-element elementor-element-b482f93 elementor-section-boxed elementor-section-height-default elementor-section-height-default\" data-id=\"b482f93\" data-element_type=\"section\" data-e-type=\"section\">\n\t\t\t\t\t\t<div class=\"elementor-container elementor-column-gap-default\">\n\t\t\t\t\t<div class=\"elementor-column elementor-col-50 elementor-top-column elementor-element elementor-element-b18d042\" data-id=\"b18d042\" data-element_type=\"column\" data-e-type=\"column\" data-settings=\"{&quot;background_background&quot;:&quot;classic&quot;}\">\n\t\t\t<div class=\"elementor-widget-wrap elementor-element-populated\">\n\t\t\t\t\t\t<div class=\"elementor-element elementor-element-df3007a elementor-widget elementor-widget-image\" data-id=\"df3007a\" data-element_type=\"widget\" data-e-type=\"widget\" data-widget_type=\"image.default\">\n\t\t\t\t<div class=\"elementor-widget-container\">\n\t\t\t\t\t\t\t\t\t\t\t\t\t\t\t<img fetchpriority=\"high\" decoding=\"async\" width=\"560\" height=\"560\" src=\"https:\/\/musicways-germany.de\/wp-content\/uploads\/2020\/07\/Roots-of-music-Logo.png\" class=\"attachment-large size-large wp-image-61\" alt=\"\" srcset=\"https:\/\/musicways-germany.de\/wp-content\/uploads\/2020\/07\/Roots-of-music-Logo.png 560w, https:\/\/musicways-germany.de\/wp-content\/uploads\/2020\/07\/Roots-of-music-Logo-300x300.png 300w, https:\/\/musicways-germany.de\/wp-content\/uploads\/2020\/07\/Roots-of-music-Logo-150x150.png 150w\" sizes=\"(max-width: 560px) 100vw, 560px\" \/>\t\t\t\t\t\t\t\t\t\t\t\t\t\t\t<\/div>\n\t\t\t\t<\/div>\n\t\t\t\t<div class=\"elementor-element elementor-element-acf625a elementor-widget elementor-widget-heading\" data-id=\"acf625a\" data-element_type=\"widget\" data-e-type=\"widget\" data-widget_type=\"heading.default\">\n\t\t\t\t<div class=\"elementor-widget-container\">\n\t\t\t\t\t<h4 class=\"elementor-heading-title elementor-size-default\">Hauptsponsoren und F\u00f6rderer<\/h4>\t\t\t\t<\/div>\n\t\t\t\t<\/div>\n\t\t\t\t<div class=\"elementor-element elementor-element-bbc754d elementor-widget elementor-widget-image\" data-id=\"bbc754d\" data-element_type=\"widget\" data-e-type=\"widget\" data-widget_type=\"image.default\">\n\t\t\t\t<div class=\"elementor-widget-container\">\n\t\t\t\t\t\t\t\t\t\t\t\t\t\t\t<img decoding=\"async\" width=\"978\" height=\"266\" src=\"https:\/\/musicways-germany.de\/wp-content\/uploads\/2020\/07\/Sponsorenleiste-roots-xl.png\" class=\"attachment-large size-large wp-image-603\" alt=\"\" srcset=\"https:\/\/musicways-germany.de\/wp-content\/uploads\/2020\/07\/Sponsorenleiste-roots-xl.png 978w, https:\/\/musicways-germany.de\/wp-content\/uploads\/2020\/07\/Sponsorenleiste-roots-xl-300x82.png 300w, https:\/\/musicways-germany.de\/wp-content\/uploads\/2020\/07\/Sponsorenleiste-roots-xl-768x209.png 768w\" sizes=\"(max-width: 978px) 100vw, 978px\" \/>\t\t\t\t\t\t\t\t\t\t\t\t\t\t\t<\/div>\n\t\t\t\t<\/div>\n\t\t\t\t\t<\/div>\n\t\t<\/div>\n\t\t\t\t<div class=\"elementor-column elementor-col-50 elementor-top-column elementor-element elementor-element-6ef1a78\" data-id=\"6ef1a78\" data-element_type=\"column\" data-e-type=\"column\" data-settings=\"{&quot;background_background&quot;:&quot;classic&quot;}\">\n\t\t\t<div class=\"elementor-widget-wrap elementor-element-populated\">\n\t\t\t\t\t\t<div class=\"elementor-element elementor-element-0df2854 elementor-widget elementor-widget-image\" data-id=\"0df2854\" data-element_type=\"widget\" data-e-type=\"widget\" data-widget_type=\"image.default\">\n\t\t\t\t<div class=\"elementor-widget-container\">\n\t\t\t\t\t\t\t\t\t\t\t\t\t\t\t<img loading=\"lazy\" decoding=\"async\" width=\"1024\" height=\"1024\" src=\"https:\/\/musicways-germany.de\/wp-content\/uploads\/2020\/07\/AOM-Logo-1-x-text-1024x1024.jpg\" class=\"attachment-large size-large wp-image-101\" alt=\"\" srcset=\"https:\/\/musicways-germany.de\/wp-content\/uploads\/2020\/07\/AOM-Logo-1-x-text-1024x1024.jpg 1024w, https:\/\/musicways-germany.de\/wp-content\/uploads\/2020\/07\/AOM-Logo-1-x-text-300x300.jpg 300w, https:\/\/musicways-germany.de\/wp-content\/uploads\/2020\/07\/AOM-Logo-1-x-text-150x150.jpg 150w, https:\/\/musicways-germany.de\/wp-content\/uploads\/2020\/07\/AOM-Logo-1-x-text-768x768.jpg 768w, https:\/\/musicways-germany.de\/wp-content\/uploads\/2020\/07\/AOM-Logo-1-x-text.jpg 1417w\" sizes=\"(max-width: 1024px) 100vw, 1024px\" \/>\t\t\t\t\t\t\t\t\t\t\t\t\t\t\t<\/div>\n\t\t\t\t<\/div>\n\t\t\t\t<div class=\"elementor-element elementor-element-a527332 elementor-widget elementor-widget-heading\" data-id=\"a527332\" data-element_type=\"widget\" data-e-type=\"widget\" data-widget_type=\"heading.default\">\n\t\t\t\t<div class=\"elementor-widget-container\">\n\t\t\t\t\t<h4 class=\"elementor-heading-title elementor-size-default\">Hauptsponsoren und F\u00f6rderer<\/h4>\t\t\t\t<\/div>\n\t\t\t\t<\/div>\n\t\t\t\t<div class=\"elementor-element elementor-element-ca1f37c elementor-widget elementor-widget-image\" data-id=\"ca1f37c\" data-element_type=\"widget\" data-e-type=\"widget\" data-widget_type=\"image.default\">\n\t\t\t\t<div class=\"elementor-widget-container\">\n\t\t\t\t\t\t\t\t\t\t\t\t\t\t\t<img loading=\"lazy\" decoding=\"async\" width=\"1024\" height=\"243\" src=\"https:\/\/musicways-germany.de\/wp-content\/uploads\/2020\/07\/Sponsorenleiste-aom-s-1024x243.png\" class=\"attachment-large size-large wp-image-599\" alt=\"\" srcset=\"https:\/\/musicways-germany.de\/wp-content\/uploads\/2020\/07\/Sponsorenleiste-aom-s-1024x243.png 1024w, https:\/\/musicways-germany.de\/wp-content\/uploads\/2020\/07\/Sponsorenleiste-aom-s-300x71.png 300w, https:\/\/musicways-germany.de\/wp-content\/uploads\/2020\/07\/Sponsorenleiste-aom-s-768x182.png 768w, https:\/\/musicways-germany.de\/wp-content\/uploads\/2020\/07\/Sponsorenleiste-aom-s.png 1298w\" sizes=\"(max-width: 1024px) 100vw, 1024px\" \/>\t\t\t\t\t\t\t\t\t\t\t\t\t\t\t<\/div>\n\t\t\t\t<\/div>\n\t\t\t\t\t<\/div>\n\t\t<\/div>\n\t\t\t\t\t<\/div>\n\t\t<\/section>\n\t\t\t\t<section class=\"elementor-section elementor-top-section elementor-element elementor-element-9dafd9f elementor-section-boxed elementor-section-height-default elementor-section-height-default\" data-id=\"9dafd9f\" data-element_type=\"section\" data-e-type=\"section\">\n\t\t\t\t\t\t<div class=\"elementor-container elementor-column-gap-default\">\n\t\t\t\t\t<div class=\"elementor-column elementor-col-50 elementor-top-column elementor-element elementor-element-52b9d48\" data-id=\"52b9d48\" data-element_type=\"column\" data-e-type=\"column\" data-settings=\"{&quot;background_background&quot;:&quot;classic&quot;}\">\n\t\t\t<div class=\"elementor-widget-wrap elementor-element-populated\">\n\t\t\t\t\t\t<div class=\"elementor-element elementor-element-18b3eb3 elementor-widget elementor-widget-image\" data-id=\"18b3eb3\" data-element_type=\"widget\" data-e-type=\"widget\" data-widget_type=\"image.default\">\n\t\t\t\t<div class=\"elementor-widget-container\">\n\t\t\t\t\t\t\t\t\t\t\t\t\t\t\t<img loading=\"lazy\" decoding=\"async\" width=\"560\" height=\"560\" src=\"https:\/\/musicways-germany.de\/wp-content\/uploads\/2020\/07\/MSS-70-Strabag-Sticker.png\" class=\"attachment-large size-large wp-image-102\" alt=\"\" srcset=\"https:\/\/musicways-germany.de\/wp-content\/uploads\/2020\/07\/MSS-70-Strabag-Sticker.png 560w, https:\/\/musicways-germany.de\/wp-content\/uploads\/2020\/07\/MSS-70-Strabag-Sticker-300x300.png 300w, https:\/\/musicways-germany.de\/wp-content\/uploads\/2020\/07\/MSS-70-Strabag-Sticker-150x150.png 150w\" sizes=\"(max-width: 560px) 100vw, 560px\" \/>\t\t\t\t\t\t\t\t\t\t\t\t\t\t\t<\/div>\n\t\t\t\t<\/div>\n\t\t\t\t<div class=\"elementor-element elementor-element-0ce0e54 elementor-widget elementor-widget-heading\" data-id=\"0ce0e54\" data-element_type=\"widget\" data-e-type=\"widget\" data-widget_type=\"heading.default\">\n\t\t\t\t<div class=\"elementor-widget-container\">\n\t\t\t\t\t<h4 class=\"elementor-heading-title elementor-size-default\">Hauptsponsoren und F\u00f6rderer<\/h4>\t\t\t\t<\/div>\n\t\t\t\t<\/div>\n\t\t\t\t<div class=\"elementor-element elementor-element-8649877 elementor-widget elementor-widget-image\" data-id=\"8649877\" data-element_type=\"widget\" data-e-type=\"widget\" data-widget_type=\"image.default\">\n\t\t\t\t<div class=\"elementor-widget-container\">\n\t\t\t\t\t\t\t\t\t\t\t\t\t\t\t<img loading=\"lazy\" decoding=\"async\" width=\"1024\" height=\"394\" src=\"https:\/\/musicways-germany.de\/wp-content\/uploads\/2020\/07\/Sponsorenleiste-Together-1024x394.png\" class=\"attachment-large size-large wp-image-592\" alt=\"\" srcset=\"https:\/\/musicways-germany.de\/wp-content\/uploads\/2020\/07\/Sponsorenleiste-Together-1024x394.png 1024w, https:\/\/musicways-germany.de\/wp-content\/uploads\/2020\/07\/Sponsorenleiste-Together-300x115.png 300w, https:\/\/musicways-germany.de\/wp-content\/uploads\/2020\/07\/Sponsorenleiste-Together-768x296.png 768w, https:\/\/musicways-germany.de\/wp-content\/uploads\/2020\/07\/Sponsorenleiste-Together.png 1445w\" sizes=\"(max-width: 1024px) 100vw, 1024px\" \/>\t\t\t\t\t\t\t\t\t\t\t\t\t\t\t<\/div>\n\t\t\t\t<\/div>\n\t\t\t\t\t<\/div>\n\t\t<\/div>\n\t\t\t\t<div class=\"elementor-column elementor-col-50 elementor-top-column elementor-element elementor-element-b146f3a\" data-id=\"b146f3a\" data-element_type=\"column\" data-e-type=\"column\" data-settings=\"{&quot;background_background&quot;:&quot;classic&quot;}\">\n\t\t\t<div class=\"elementor-widget-wrap elementor-element-populated\">\n\t\t\t\t\t\t<div class=\"elementor-element elementor-element-af7775b elementor-widget elementor-widget-image\" data-id=\"af7775b\" data-element_type=\"widget\" data-e-type=\"widget\" data-widget_type=\"image.default\">\n\t\t\t\t<div class=\"elementor-widget-container\">\n\t\t\t\t\t\t\t\t\t\t\t\t\t\t\t<img loading=\"lazy\" decoding=\"async\" width=\"579\" height=\"592\" src=\"https:\/\/musicways-germany.de\/wp-content\/uploads\/2020\/07\/MUW-Soest-Flyer-web1.png\" class=\"attachment-large size-large wp-image-103\" alt=\"\" srcset=\"https:\/\/musicways-germany.de\/wp-content\/uploads\/2020\/07\/MUW-Soest-Flyer-web1.png 579w, https:\/\/musicways-germany.de\/wp-content\/uploads\/2020\/07\/MUW-Soest-Flyer-web1-293x300.png 293w\" sizes=\"(max-width: 579px) 100vw, 579px\" \/>\t\t\t\t\t\t\t\t\t\t\t\t\t\t\t<\/div>\n\t\t\t\t<\/div>\n\t\t\t\t<div class=\"elementor-element elementor-element-fb79254 elementor-widget elementor-widget-heading\" data-id=\"fb79254\" data-element_type=\"widget\" data-e-type=\"widget\" data-widget_type=\"heading.default\">\n\t\t\t\t<div class=\"elementor-widget-container\">\n\t\t\t\t\t<h4 class=\"elementor-heading-title elementor-size-default\">Hauptsponsoren und F\u00f6rderer<\/h4>\t\t\t\t<\/div>\n\t\t\t\t<\/div>\n\t\t\t\t<div class=\"elementor-element elementor-element-ef241c7 elementor-widget elementor-widget-image\" data-id=\"ef241c7\" data-element_type=\"widget\" data-e-type=\"widget\" data-widget_type=\"image.default\">\n\t\t\t\t<div class=\"elementor-widget-container\">\n\t\t\t\t\t\t\t\t\t\t\t\t\t\t\t<img loading=\"lazy\" decoding=\"async\" width=\"1024\" height=\"177\" src=\"https:\/\/musicways-germany.de\/wp-content\/uploads\/2020\/07\/Sponsorenleiste-Common-brass-1-1024x177.png\" class=\"attachment-large size-large wp-image-589\" alt=\"\" srcset=\"https:\/\/musicways-germany.de\/wp-content\/uploads\/2020\/07\/Sponsorenleiste-Common-brass-1-1024x177.png 1024w, https:\/\/musicways-germany.de\/wp-content\/uploads\/2020\/07\/Sponsorenleiste-Common-brass-1-300x52.png 300w, https:\/\/musicways-germany.de\/wp-content\/uploads\/2020\/07\/Sponsorenleiste-Common-brass-1-768x133.png 768w, https:\/\/musicways-germany.de\/wp-content\/uploads\/2020\/07\/Sponsorenleiste-Common-brass-1-1536x266.png 1536w, https:\/\/musicways-germany.de\/wp-content\/uploads\/2020\/07\/Sponsorenleiste-Common-brass-1.png 1579w\" sizes=\"(max-width: 1024px) 100vw, 1024px\" \/>\t\t\t\t\t\t\t\t\t\t\t\t\t\t\t<\/div>\n\t\t\t\t<\/div>\n\t\t\t\t<div class=\"elementor-element elementor-element-0043cde elementor-widget elementor-widget-image\" data-id=\"0043cde\" data-element_type=\"widget\" data-e-type=\"widget\" data-widget_type=\"image.default\">\n\t\t\t\t<div class=\"elementor-widget-container\">\n\t\t\t\t\t\t\t\t\t\t\t\t\t\t\t<img loading=\"lazy\" decoding=\"async\" width=\"1024\" height=\"177\" src=\"https:\/\/musicways-germany.de\/wp-content\/uploads\/2020\/07\/Sponsorenleiste-Common-brass-2-1024x177.png\" class=\"attachment-large size-large wp-image-590\" alt=\"\" srcset=\"https:\/\/musicways-germany.de\/wp-content\/uploads\/2020\/07\/Sponsorenleiste-Common-brass-2-1024x177.png 1024w, https:\/\/musicways-germany.de\/wp-content\/uploads\/2020\/07\/Sponsorenleiste-Common-brass-2-300x52.png 300w, https:\/\/musicways-germany.de\/wp-content\/uploads\/2020\/07\/Sponsorenleiste-Common-brass-2-768x133.png 768w, https:\/\/musicways-germany.de\/wp-content\/uploads\/2020\/07\/Sponsorenleiste-Common-brass-2-1536x266.png 1536w, https:\/\/musicways-germany.de\/wp-content\/uploads\/2020\/07\/Sponsorenleiste-Common-brass-2.png 1579w\" sizes=\"(max-width: 1024px) 100vw, 1024px\" \/>\t\t\t\t\t\t\t\t\t\t\t\t\t\t\t<\/div>\n\t\t\t\t<\/div>\n\t\t\t\t\t<\/div>\n\t\t<\/div>\n\t\t\t\t\t<\/div>\n\t\t<\/section>\n\t\t\t\t<section class=\"elementor-section elementor-top-section elementor-element elementor-element-ff711a1 elementor-section-boxed elementor-section-height-default elementor-section-height-default\" data-id=\"ff711a1\" data-element_type=\"section\" data-e-type=\"section\">\n\t\t\t\t\t\t<div class=\"elementor-container elementor-column-gap-default\">\n\t\t\t\t\t<div class=\"elementor-column elementor-col-100 elementor-top-column elementor-element elementor-element-3b934c0\" data-id=\"3b934c0\" data-element_type=\"column\" data-e-type=\"column\">\n\t\t\t<div class=\"elementor-widget-wrap elementor-element-populated\">\n\t\t\t\t\t\t<div class=\"elementor-element elementor-element-a1af988 elementor-widget elementor-widget-spacer\" data-id=\"a1af988\" data-element_type=\"widget\" data-e-type=\"widget\" data-widget_type=\"spacer.default\">\n\t\t\t\t<div class=\"elementor-widget-container\">\n\t\t\t\t\t\t\t<div class=\"elementor-spacer\">\n\t\t\t<div class=\"elementor-spacer-inner\"><\/div>\n\t\t<\/div>\n\t\t\t\t\t\t<\/div>\n\t\t\t\t<\/div>\n\t\t\t\t\t<\/div>\n\t\t<\/div>\n\t\t\t\t\t<\/div>\n\t\t<\/section>\n\t\t\t\t<\/div>\n\t\t","protected":false},"excerpt":{"rendered":"<p>Partner und Sponsoren HERZLICHER DANK Unser herzlicher Dank gilt allen Partnern und F\u00f6rderern, den gro\u00dfen wie den kleinen Sponsoren, allen Anzeigenkunden in unseren Publikationen und nicht zuletzt all denen, die durch pers\u00f6nliches und ehrenamtliches Engagement dazu beigetragen haben, unsere Projekte zu verwirklichen. Hauptsponsoren und \u00f6ffentliche F\u00f6rderer Bundesministerium f\u00fcr wirtschaftliche Zusammenarbeit und Entwicklung Weltw\u00e4rts \u00b7 Arbeit [&hellip;]<\/p>\n","protected":false},"author":1,"featured_media":0,"parent":0,"menu_order":60,"comment_status":"closed","ping_status":"closed","template":"elementor_header_footer","meta":{"ocean_post_layout":"","ocean_both_sidebars_style":"","ocean_both_sidebars_content_width":0,"ocean_both_sidebars_sidebars_width":0,"ocean_sidebar":"0","ocean_second_sidebar":"0","ocean_disable_margins":"on","ocean_add_body_class":"","ocean_shortcode_before_top_bar":"","ocean_shortcode_after_top_bar":"","ocean_shortcode_before_header":"","ocean_shortcode_after_header":"","ocean_has_shortcode":"","ocean_shortcode_after_title":"","ocean_shortcode_before_footer_widgets":"","ocean_shortcode_after_footer_widgets":"","ocean_shortcode_before_footer_bottom":"","ocean_shortcode_after_footer_bottom":"","ocean_display_top_bar":"off","ocean_display_header":"default","ocean_header_style":"","ocean_center_header_left_menu":"0","ocean_custom_header_template":"0","ocean_custom_logo":0,"ocean_custom_retina_logo":0,"ocean_custom_logo_max_width":0,"ocean_custom_logo_tablet_max_width":0,"ocean_custom_logo_mobile_max_width":0,"ocean_custom_logo_max_height":0,"ocean_custom_logo_tablet_max_height":0,"ocean_custom_logo_mobile_max_height":0,"ocean_header_custom_menu":"0","ocean_menu_typo_font_family":"0","ocean_menu_typo_font_subset":"","ocean_menu_typo_font_size":0,"ocean_menu_typo_font_size_tablet":0,"ocean_menu_typo_font_size_mobile":0,"ocean_menu_typo_font_size_unit":"px","ocean_menu_typo_font_weight":"","ocean_menu_typo_font_weight_tablet":"","ocean_menu_typo_font_weight_mobile":"","ocean_menu_typo_transform":"","ocean_menu_typo_transform_tablet":"","ocean_menu_typo_transform_mobile":"","ocean_menu_typo_line_height":0,"ocean_menu_typo_line_height_tablet":0,"ocean_menu_typo_line_height_mobile":0,"ocean_menu_typo_line_height_unit":"","ocean_menu_typo_spacing":0,"ocean_menu_typo_spacing_tablet":0,"ocean_menu_typo_spacing_mobile":0,"ocean_menu_typo_spacing_unit":"","ocean_menu_link_color":"","ocean_menu_link_color_hover":"","ocean_menu_link_color_active":"","ocean_menu_link_background":"","ocean_menu_link_hover_background":"","ocean_menu_link_active_background":"","ocean_menu_social_links_bg":"","ocean_menu_social_hover_links_bg":"","ocean_menu_social_links_color":"","ocean_menu_social_hover_links_color":"","ocean_disable_title":"on","ocean_disable_heading":"default","ocean_post_title":"","ocean_post_subheading":"","ocean_post_title_style":"","ocean_post_title_background_color":"","ocean_post_title_background":0,"ocean_post_title_bg_image_position":"","ocean_post_title_bg_image_attachment":"","ocean_post_title_bg_image_repeat":"","ocean_post_title_bg_image_size":"","ocean_post_title_height":0,"ocean_post_title_bg_overlay":0.5,"ocean_post_title_bg_overlay_color":"","ocean_disable_breadcrumbs":"off","ocean_breadcrumbs_color":"","ocean_breadcrumbs_separator_color":"","ocean_breadcrumbs_links_color":"","ocean_breadcrumbs_links_hover_color":"","ocean_display_footer_widgets":"default","ocean_display_footer_bottom":"off","ocean_custom_footer_template":"0","footnotes":""},"class_list":["post-90","page","type-page","status-publish","hentry","entry"],"_links":{"self":[{"href":"https:\/\/musicways-germany.de\/en\/wp-json\/wp\/v2\/pages\/90","targetHints":{"allow":["GET"]}}],"collection":[{"href":"https:\/\/musicways-germany.de\/en\/wp-json\/wp\/v2\/pages"}],"about":[{"href":"https:\/\/musicways-germany.de\/en\/wp-json\/wp\/v2\/types\/page"}],"author":[{"embeddable":true,"href":"https:\/\/musicways-germany.de\/en\/wp-json\/wp\/v2\/users\/1"}],"replies":[{"embeddable":true,"href":"https:\/\/musicways-germany.de\/en\/wp-json\/wp\/v2\/comments?post=90"}],"version-history":[{"count":2,"href":"https:\/\/musicways-germany.de\/en\/wp-json\/wp\/v2\/pages\/90\/revisions"}],"predecessor-version":[{"id":921,"href":"https:\/\/musicways-germany.de\/en\/wp-json\/wp\/v2\/pages\/90\/revisions\/921"}],"wp:attachment":[{"href":"https:\/\/musicways-germany.de\/en\/wp-json\/wp\/v2\/media?parent=90"}],"curies":[{"name":"wp","href":"https:\/\/api.w.org\/{rel}","templated":true}]}}